{"id":24758,"date":"2019-07-01T09:20:48","date_gmt":"2019-07-01T09:20:48","guid":{"rendered":"https:\/\/ibhm-company.com\/contacto\/"},"modified":"2023-02-22T16:00:32","modified_gmt":"2023-02-22T16:00:32","slug":"contact","status":"publish","type":"page","link":"https:\/\/ibhm-company.com\/en\/contact\/","title":{"rendered":"Contact"},"content":{"rendered":"<section class=\"l-section wpb_row height_large\"><div class=\"l-section-h i-cf\"><div class=\"g-cols vc_row via_grid cols_2-1 laptops-cols_inherit tablets-cols_inherit mobiles-cols_1 valign_top type_default stacking_default\"><div class=\"wpb_column vc_column_container\"><div class=\"vc_column-inner\"><div class=\"wpb_text_column\"><div class=\"wpb_wrapper\"><h3>Locations<\/h3>\n<\/div><\/div><div class=\"w-separator size_large\"><\/div><div class=\"g-cols wpb_row via_grid cols_2 laptops-cols_inherit tablets-cols_inherit mobiles-cols_1 valign_top type_default stacking_default\"><div class=\"wpb_column vc_column_container\"><div class=\"vc_column-inner\"><div class=\"wpb_text_column us_custom_16d4a953\"><div class=\"wpb_wrapper\"><h4>Europe<\/h4>\n<\/div><\/div><div class=\"w-separator size_small\"><\/div><div class=\"wpb_text_column us_custom_8e3a3302\"><div class=\"wpb_wrapper\"><p><strong>Iberhermes, S.L.<\/strong><br \/>\nC\/ Sant Ferran 28 (Esq. C\/ Emilio Alcal\u00e1 Galiano 30B)<br \/>\n08940 Cornell\u00e0 de Llobregat<br \/>\nBarcelona &#8211; Spain<br \/>\nTel: +34 93 473 02 07<\/p>\n<\/div><\/div><div class=\"w-separator size_small\"><\/div><\/div><\/div><div class=\"wpb_column vc_column_container\"><div class=\"vc_column-inner\"><div class=\"wpb_text_column us_custom_16d4a953\"><div class=\"wpb_wrapper\"><h4>Latinoam\u00e9rica<\/h4>\n<\/div><\/div><div class=\"w-separator size_small\"><\/div><div class=\"wpb_text_column us_custom_8bb0c07a\"><div class=\"wpb_wrapper\"><p><strong>IBHM &#8211; Latam<\/strong><br \/>\nCra. 68 C3<br \/>\n34-501 Medell\u00edn<br \/>\nColombia<br \/>\nTel: +57 (4) 299 90 06<\/p>\n<\/div><\/div><div class=\"w-separator size_small\"><\/div><\/div><\/div><\/div><div class=\"g-cols wpb_row via_grid cols_1 laptops-cols_inherit tablets-cols_inherit mobiles-cols_1 valign_top type_default stacking_default\"><div class=\"wpb_column vc_column_container\"><div class=\"vc_column-inner\"><div class=\"w-map provider_google us_custom_fe427c34\" id=\"us_map_1\"><div class=\"w-map-json\" onclick='return {&quot;address&quot;:&quot;26.6401349,-40.6184928&quot;,&quot;zoom&quot;:3,&quot;hideControls&quot;:0,&quot;disableZoom&quot;:0,&quot;disableDragging&quot;:1,&quot;markers&quot;:[{&quot;address&quot;:&quot;26.6401349,-40.6184928&quot;,&quot;html&quot;:&quot;34.6693445,-40.7744214&quot;,&quot;infowindow&quot;:0},{&quot;address&quot;:&quot;Pasaje Ametllers, 26 08950 Esplugues de Llobregat, Barcelona (Espa\\u00f1a)&quot;,&quot;html&quot;:&quot;&lt;strong&gt;IBHM Company&lt;\\\/strong&gt;&lt;br&gt;\\nPasaje Ametllers, 26&lt;br&gt;\\n08950 Esplugues de Llobregat&lt;br&gt;\\nBarcelona (Spain)&quot;,&quot;marker_img&quot;:[&quot;https:\\\/\\\/ibhm-company.com\\\/wp-content\\\/uploads\\\/2023\\\/02\\\/pin-map-ibhm-new.png&quot;,96,96,false],&quot;marker_size&quot;:[&quot;40&quot;,&quot;40&quot;]},{&quot;address&quot;:&quot;Cra. 68 C3 34-501 Medellin Colombia&quot;,&quot;html&quot;:&quot;&lt;strong&gt;IBHM Latam&lt;\\\/strong&gt;&lt;br&gt;\\nCra. 68 C3&lt;br&gt;\\n34-501 Medellin&lt;br&gt;\\nColombia&quot;,&quot;marker_img&quot;:[&quot;https:\\\/\\\/ibhm-company.com\\\/wp-content\\\/uploads\\\/2023\\\/02\\\/pin-map-ibhm-new.png&quot;,96,96,false],&quot;marker_size&quot;:[&quot;40&quot;,&quot;40&quot;]}],&quot;icon&quot;:{&quot;url&quot;:&quot;https:\\\/\\\/ibhm-company.com\\\/wp-content\\\/uploads\\\/2019\\\/07\\\/white.png&quot;,&quot;size&quot;:[30,30]},&quot;maptype&quot;:&quot;TERRAIN&quot;}'><\/div><\/div><\/div><\/div><\/div><div class=\"w-separator size_medium\"><\/div><\/div><\/div><div class=\"wpb_column vc_column_container\"><div class=\"vc_column-inner\"><div class=\"wpb_text_column\"><div class=\"wpb_wrapper\"><h3>Contact details<\/h3>\n<\/div><\/div><div class=\"w-separator size_medium\"><\/div><div class=\"wpb_text_column\"><div class=\"wpb_wrapper\"><p style=\"text-align: justify;\">If you have any questions or queries, send us an email and we will contact you as soon as possible:<\/p>\n<\/div><\/div><div class=\"w-separator size_medium\"><\/div><div class=\"wpb_text_column\"><div class=\"wpb_wrapper\"><h6>General information<\/h6>\n<\/div><\/div><div class=\"w-separator size_custom\" style=\"height:0.5rem\"><\/div><div class=\"w-iconbox iconpos_left style_default color_primary align_left no_text\"><a href=\"mailto:inform@ibhm-company.com\" class=\"w-iconbox-link\" aria-label=\"inform@ibhm-company.com\"><div class=\"w-iconbox-icon\" style=\"font-size:24px;\"><i class=\"material-icons\">mail_outline<\/i><\/div><\/a><div class=\"w-iconbox-meta\"><a href=\"mailto:inform@ibhm-company.com\" class=\"w-iconbox-link\" aria-label=\"inform@ibhm-company.com\"><p class=\"w-iconbox-title\" style=\"font-size:16px;\">inform@ibhm-company.com<\/p><\/a><\/div><\/div><div class=\"w-separator size_medium\"><\/div><div class=\"wpb_text_column\"><div class=\"wpb_wrapper\"><h6>Technical support<\/h6>\n<\/div><\/div><div class=\"w-separator size_custom\" style=\"height:0.5rem\"><\/div><div class=\"w-iconbox iconpos_left style_default color_primary align_left no_text\"><a href=\"mailto:support@ibhm-company.com\" class=\"w-iconbox-link\" aria-label=\"support@ibhm-company.com\"><div class=\"w-iconbox-icon\" style=\"font-size:24px;\"><i class=\"material-icons\">mail_outline<\/i><\/div><\/a><div class=\"w-iconbox-meta\"><a href=\"mailto:support@ibhm-company.com\" class=\"w-iconbox-link\" aria-label=\"support@ibhm-company.com\"><p class=\"w-iconbox-title\" style=\"font-size:16px;\">support@ibhm-company.com<\/p><\/a><\/div><\/div><div class=\"w-separator size_medium\"><\/div><div class=\"wpb_text_column\"><div class=\"wpb_wrapper\"><h6>Projects<\/h6>\n<\/div><\/div><div class=\"w-separator size_custom\" style=\"height:0.5rem\"><\/div><div class=\"w-iconbox iconpos_left style_default color_primary align_left no_text\"><a href=\"mailto:xavi.bel@ibhm-company.com\" class=\"w-iconbox-link\" aria-label=\"xavi.bel@ibhm-company.com\"><div class=\"w-iconbox-icon\" style=\"font-size:24px;\"><i class=\"material-icons\">mail_outline<\/i><\/div><\/a><div class=\"w-iconbox-meta\"><a href=\"mailto:xavi.bel@ibhm-company.com\" class=\"w-iconbox-link\" aria-label=\"xavi.bel@ibhm-company.com\"><p class=\"w-iconbox-title\" style=\"font-size:16px;\">xavi.bel@ibhm-company.com<\/p><\/a><\/div><\/div><div class=\"w-separator size_medium\"><\/div><div class=\"w-image opaco align_left\"><div class=\"w-image-h\"><img width=\"600\" height=\"311\" src=\"https:\/\/ibhm-company.com\/wp-content\/uploads\/2019\/10\/IBHM-Get-In-Touch.png\" class=\"attachment-full size-full\" alt=\"IBHM-Get-In-Touch\" decoding=\"async\" loading=\"lazy\" srcset=\"https:\/\/ibhm-company.com\/wp-content\/uploads\/2019\/10\/IBHM-Get-In-Touch.png 600w, https:\/\/ibhm-company.com\/wp-content\/uploads\/2019\/10\/IBHM-Get-In-Touch-300x156.png 300w\" sizes=\"(max-width: 600px) 100vw, 600px\" \/><\/div><\/div><\/div><\/div><\/div><\/div><\/section>\n","protected":false},"excerpt":{"rendered":"Locations Europe Iberhermes, S.L. C\/ Sant Ferran 28 (Esq. C\/ Emilio Alcal\u00e1 Galiano 30B) 08940 Cornell\u00e0 de Llobregat Barcelona &#8211; Spain Tel: +34 93 473 02 07 Latinoam\u00e9rica IBHM &#8211; Latam Cra. 68 C3 34-501 Medell\u00edn Colombia Tel: +57 (4) 299 90 06 Contact details If you have any questions or queries, send us an...","protected":false},"author":1,"featured_media":0,"parent":0,"menu_order":0,"comment_status":"closed","ping_status":"closed","template":"","meta":{"_monsterinsights_skip_tracking":false,"_monsterinsights_sitenote_active":false,"_monsterinsights_sitenote_note":"","_monsterinsights_sitenote_category":0},"yoast_head":"<!-- This site is optimized with the Yoast SEO plugin v20.7 - https:\/\/yoast.com\/wordpress\/plugins\/seo\/ -->\n<title>Contact - IBHM<\/title>\n<meta name=\"robots\" content=\"index, follow, max-snippet:-1, max-image-preview:large, max-video-preview:-1\" \/>\n<link rel=\"canonical\" href=\"https:\/\/ibhm-company.com\/en\/contact\/\" \/>\n<meta property=\"og:locale\" content=\"en_US\" \/>\n<meta property=\"og:type\" content=\"article\" \/>\n<meta property=\"og:title\" content=\"Contact - IBHM\" \/>\n<meta property=\"og:url\" content=\"https:\/\/ibhm-company.com\/en\/contact\/\" \/>\n<meta property=\"og:site_name\" content=\"IBHM\" \/>\n<meta property=\"article:modified_time\" content=\"2023-02-22T16:00:32+00:00\" \/>\n<meta name=\"twitter:card\" content=\"summary_large_image\" \/>\n<meta name=\"twitter:label1\" content=\"Est. reading time\" \/>\n\t<meta name=\"twitter:data1\" content=\"3 minutes\" \/>\n<script type=\"application\/ld+json\" class=\"yoast-schema-graph\">{\"@context\":\"https:\/\/schema.org\",\"@graph\":[{\"@type\":\"WebPage\",\"@id\":\"https:\/\/ibhm-company.com\/en\/contact\/\",\"url\":\"https:\/\/ibhm-company.com\/en\/contact\/\",\"name\":\"Contact - IBHM\",\"isPartOf\":{\"@id\":\"https:\/\/ibhm-company.com\/#website\"},\"datePublished\":\"2019-07-01T09:20:48+00:00\",\"dateModified\":\"2023-02-22T16:00:32+00:00\",\"breadcrumb\":{\"@id\":\"https:\/\/ibhm-company.com\/en\/contact\/#breadcrumb\"},\"inLanguage\":\"en-US\",\"potentialAction\":[{\"@type\":\"ReadAction\",\"target\":[\"https:\/\/ibhm-company.com\/en\/contact\/\"]}]},{\"@type\":\"BreadcrumbList\",\"@id\":\"https:\/\/ibhm-company.com\/en\/contact\/#breadcrumb\",\"itemListElement\":[{\"@type\":\"ListItem\",\"position\":1,\"name\":\"IBHM Company\",\"item\":\"https:\/\/ibhm-company.com\/en\/\"},{\"@type\":\"ListItem\",\"position\":2,\"name\":\"Contact\"}]},{\"@type\":\"WebSite\",\"@id\":\"https:\/\/ibhm-company.com\/#website\",\"url\":\"https:\/\/ibhm-company.com\/\",\"name\":\"IBHM\",\"description\":\"LCD monitors and Touch Screens specialist\",\"publisher\":{\"@id\":\"https:\/\/ibhm-company.com\/#organization\"},\"potentialAction\":[{\"@type\":\"SearchAction\",\"target\":{\"@type\":\"EntryPoint\",\"urlTemplate\":\"https:\/\/ibhm-company.com\/?s={search_term_string}\"},\"query-input\":\"required name=search_term_string\"}],\"inLanguage\":\"en-US\"},{\"@type\":\"Organization\",\"@id\":\"https:\/\/ibhm-company.com\/#organization\",\"name\":\"IBHM Company\",\"alternateName\":\"IBHM\",\"url\":\"https:\/\/ibhm-company.com\/\",\"logo\":{\"@type\":\"ImageObject\",\"inLanguage\":\"en-US\",\"@id\":\"https:\/\/ibhm-company.com\/#\/schema\/logo\/image\/\",\"url\":\"https:\/\/ibhm-company.com\/wp-content\/uploads\/2023\/02\/Logo-IBHM.png\",\"contentUrl\":\"https:\/\/ibhm-company.com\/wp-content\/uploads\/2023\/02\/Logo-IBHM.png\",\"width\":412,\"height\":135,\"caption\":\"IBHM Company\"},\"image\":{\"@id\":\"https:\/\/ibhm-company.com\/#\/schema\/logo\/image\/\"}}]}<\/script>\n<!-- \/ Yoast SEO plugin. -->","yoast_head_json":{"title":"Contact - IBHM","robots":{"index":"index","follow":"follow","max-snippet":"max-snippet:-1","max-image-preview":"max-image-preview:large","max-video-preview":"max-video-preview:-1"},"canonical":"https:\/\/ibhm-company.com\/en\/contact\/","og_locale":"en_US","og_type":"article","og_title":"Contact - IBHM","og_url":"https:\/\/ibhm-company.com\/en\/contact\/","og_site_name":"IBHM","article_modified_time":"2023-02-22T16:00:32+00:00","twitter_card":"summary_large_image","twitter_misc":{"Est. reading time":"3 minutes"},"schema":{"@context":"https:\/\/schema.org","@graph":[{"@type":"WebPage","@id":"https:\/\/ibhm-company.com\/en\/contact\/","url":"https:\/\/ibhm-company.com\/en\/contact\/","name":"Contact - IBHM","isPartOf":{"@id":"https:\/\/ibhm-company.com\/#website"},"datePublished":"2019-07-01T09:20:48+00:00","dateModified":"2023-02-22T16:00:32+00:00","breadcrumb":{"@id":"https:\/\/ibhm-company.com\/en\/contact\/#breadcrumb"},"inLanguage":"en-US","potentialAction":[{"@type":"ReadAction","target":["https:\/\/ibhm-company.com\/en\/contact\/"]}]},{"@type":"BreadcrumbList","@id":"https:\/\/ibhm-company.com\/en\/contact\/#breadcrumb","itemListElement":[{"@type":"ListItem","position":1,"name":"IBHM Company","item":"https:\/\/ibhm-company.com\/en\/"},{"@type":"ListItem","position":2,"name":"Contact"}]},{"@type":"WebSite","@id":"https:\/\/ibhm-company.com\/#website","url":"https:\/\/ibhm-company.com\/","name":"IBHM","description":"LCD monitors and Touch Screens specialist","publisher":{"@id":"https:\/\/ibhm-company.com\/#organization"},"potentialAction":[{"@type":"SearchAction","target":{"@type":"EntryPoint","urlTemplate":"https:\/\/ibhm-company.com\/?s={search_term_string}"},"query-input":"required name=search_term_string"}],"inLanguage":"en-US"},{"@type":"Organization","@id":"https:\/\/ibhm-company.com\/#organization","name":"IBHM Company","alternateName":"IBHM","url":"https:\/\/ibhm-company.com\/","logo":{"@type":"ImageObject","inLanguage":"en-US","@id":"https:\/\/ibhm-company.com\/#\/schema\/logo\/image\/","url":"https:\/\/ibhm-company.com\/wp-content\/uploads\/2023\/02\/Logo-IBHM.png","contentUrl":"https:\/\/ibhm-company.com\/wp-content\/uploads\/2023\/02\/Logo-IBHM.png","width":412,"height":135,"caption":"IBHM Company"},"image":{"@id":"https:\/\/ibhm-company.com\/#\/schema\/logo\/image\/"}}]}},"_links":{"self":[{"href":"https:\/\/ibhm-company.com\/en\/wp-json\/wp\/v2\/pages\/24758"}],"collection":[{"href":"https:\/\/ibhm-company.com\/en\/wp-json\/wp\/v2\/pages"}],"about":[{"href":"https:\/\/ibhm-company.com\/en\/wp-json\/wp\/v2\/types\/page"}],"author":[{"embeddable":true,"href":"https:\/\/ibhm-company.com\/en\/wp-json\/wp\/v2\/users\/1"}],"replies":[{"embeddable":true,"href":"https:\/\/ibhm-company.com\/en\/wp-json\/wp\/v2\/comments?post=24758"}],"version-history":[{"count":8,"href":"https:\/\/ibhm-company.com\/en\/wp-json\/wp\/v2\/pages\/24758\/revisions"}],"predecessor-version":[{"id":25341,"href":"https:\/\/ibhm-company.com\/en\/wp-json\/wp\/v2\/pages\/24758\/revisions\/25341"}],"wp:attachment":[{"href":"https:\/\/ibhm-company.com\/en\/wp-json\/wp\/v2\/media?parent=24758"}],"curies":[{"name":"wp","href":"https:\/\/api.w.org\/{rel}","templated":true}]}}